{"id":11784,"date":"2016-09-23T12:01:06","date_gmt":"2016-09-23T12:01:06","guid":{"rendered":"https:\/\/csabakrisztina.com\/?page_id=11784"},"modified":"2020-03-13T22:37:06","modified_gmt":"2020-03-13T22:37:06","slug":"rolam","status":"publish","type":"page","link":"https:\/\/csabakrisztina.com\/hu\/rolam\/","title":{"rendered":"R\u00f3lam"},"content":{"rendered":"<div class=\"fusion-fullwidth fullwidth-box fusion-builder-row-1 nonhundred-percent-fullwidth non-hundred-percent-height-scrolling\" style=\"--awb-border-radius-top-left:0px;--awb-border-radius-top-right:0px;--awb-border-radius-bottom-right:0px;--awb-border-radius-bottom-left:0px;--awb-flex-wrap:wrap;\" ><div class=\"fusion-builder-row fusion-row\"><div class=\"fusion-layout-column fusion_builder_column fusion-builder-column-0 fusion_builder_column_1_1 1_1 fusion-one-full fusion-column-first fusion-column-last\" style=\"--awb-bg-color:#ffffff;--awb-bg-color-hover:#ffffff;--awb-bg-size:cover;--awb-margin-bottom:0px;\"><div class=\"fusion-column-wrapper fusion-column-has-shadow fusion-flex-column-wrapper-legacy\"><div class=\"fusion-sep-clear\"><\/div><div class=\"fusion-separator fusion-full-width-sep\" style=\"margin-left: auto;margin-right: auto;margin-bottom:100px;width:100%;\"><\/div><div class=\"fusion-sep-clear\"><\/div><div class=\"fusion-text fusion-text-1\"><div class=\"cv-div\">\n<div class=\"cv-image\" style=\"text-align: right;\">\n<p><img decoding=\"async\" class=\"wp-image-11990 alignright\" src=\"https:\/\/csabakrisztina.com\/wp-content\/uploads\/2016\/09\/csaba-krisztina-300x300.jpg\" alt=\"csaba-krisztina\" width=\"162\" height=\"162\" srcset=\"https:\/\/csabakrisztina.com\/wp-content\/uploads\/2016\/09\/csaba-krisztina-66x66.jpg 66w, https:\/\/csabakrisztina.com\/wp-content\/uploads\/2016\/09\/csaba-krisztina-150x150.jpg 150w, https:\/\/csabakrisztina.com\/wp-content\/uploads\/2016\/09\/csaba-krisztina-200x200.jpg 200w, https:\/\/csabakrisztina.com\/wp-content\/uploads\/2016\/09\/csaba-krisztina-300x300.jpg 300w, https:\/\/csabakrisztina.com\/wp-content\/uploads\/2016\/09\/csaba-krisztina-400x400.jpg 400w, https:\/\/csabakrisztina.com\/wp-content\/uploads\/2016\/09\/csaba-krisztina.jpg 584w\" sizes=\"(max-width: 162px) 100vw, 162px\" \/><\/p>\n<p><strong>Csaba Krisztina<\/strong><br \/>\ninfo@csabakrisztina.com<br \/>\n+3630 236 9404<\/p>\n<\/div>\n<div class=\"divTable\">\n<div class=\"divTableBody\">\n<div class=\"divTableRow\">\n<div class=\"divTableCell tablecelltitle1\"><strong>Munka tapasztalat<\/strong><\/div>\n<div class=\"divTableCell\"><\/div>\n<\/div>\n<div class=\"divTableRow\"><\/div>\n<div class=\"divTableRow\">\n<div class=\"divTableCell\">2016-<\/div>\n<div class=\"divTableCell\">szabad\u00fasz\u00f3 tervez\u0151 grafikus \/ art director<\/div>\n<\/div>\n<div class=\"divTableRow\">\n<div class=\"divTableCell\">2008-2016<\/div>\n<div class=\"divTableCell\">senior art director \/ JWT Budapest<br \/>\n\u00fcgyfelek: Telenor, upc, Suzuki, Bayer, Nestl\u00e9<\/div>\n<\/div>\n<div class=\"divTableRow\">\n<div class=\"divTableCell\">2006-2007<\/div>\n<div class=\"divTableCell\">tervez\u0151 grafikus \/ Octogon architecture and design magazine<\/div>\n<\/div>\n<div class=\"divTableRow\">\n<div class=\"divTableCell\">2000-2001<\/div>\n<div class=\"divTableCell\">produkci\u00f3s asszisztens \/ Strawberry Films<\/div>\n<\/div>\n<div class=\"divTableRow\"><\/div>\n<div class=\"divTableRow\"><\/div>\n<div class=\"divTableRow\">\n<div class=\"divTableCell tablecelltitle\"><strong>Tanulm\u00e1nyok<\/strong><\/div>\n<div class=\"divTableCell\"><\/div>\n<\/div>\n<div class=\"divTableRow\"><\/div>\n<div class=\"divTableRow\">\n<div class=\"divTableCell\">2002-2006<\/div>\n<div class=\"divTableCell\">Budapesti M\u0171szaki F\u0151iskola Rejt\u0151 S\u00e1ndor K\u00f6nny\u0171ipari M\u00e9rn\u00f6ki F\u0151iskolai Kar<br \/>\nm\u00e9diatechnol\u00f3gia szak<\/div>\n<\/div>\n<div class=\"divTableRow\">\n<div class=\"divTableCell\">2005-2006<\/div>\n<div class=\"divTableCell\">Artevelde Hogeschool, Graphical and Digital Media<br \/>\nBelgium, Gent<br \/>\nSocrates\/Erasmus \u00f6szt\u00f6nd\u00edj<\/div>\n<\/div>\n<div class=\"divTableRow\">\n<div class=\"divTableCell\">1999-2001<\/div>\n<div class=\"divTableCell\">Budapesti Szolg\u00e1ltat\u00f3- \u00e9s K\u00e9zm\u0171vesipari Szakk\u00e9pz\u0151 Iskola<br \/>\nf\u00e9nyk\u00e9p\u00e9sz szakk\u00e9pes\u00edt\u00e9s<\/div>\n<\/div>\n<div class=\"divTableRow\"><\/div>\n<div class=\"divTableRow\">\n<div class=\"divTableCell tablecelltitle\"><strong>D\u00edjak<\/strong><\/div>\n<div class=\"divTableCell\"><\/div>\n<\/div>\n<div class=\"divTableRow\"><\/div>\n<div class=\"divTableRow\">\n<div class=\"divTableCell\">2012<\/div>\n<div class=\"divTableCell\">Bronz Penge \u2013 filmes craft kateg\u00f3ria<br \/>\n<em>upc \/ Cselendzserek kamp\u00e1ny \/ P\u00e1rkapcsolat TVC<\/em><\/div>\n<\/div>\n<div class=\"divTableRow\">\n<div class=\"divTableCell\">2012<\/div>\n<div class=\"divTableCell\">Bronz Penge \u2013 filmes megold\u00e1sok kateg\u00f3ria<br \/>\n<em>upc \/ Cselendzserek kamp\u00e1ny \/ P\u00e1rkapcsolat TVC<\/em><\/div>\n<\/div>\n<div class=\"divTableRow\">\n<div class=\"divTableCell\">2011<\/div>\n<div class=\"divTableCell\">Bronz Penge \u2013 filmes megold\u00e1sok kateg\u00f3ria<br \/>\n<em>upc \/ Tesztel\u0151k kamp\u00e1ny \/ Magdi anyus TVC<\/em><\/div>\n<\/div>\n<div class=\"divTableRow\">\n<div class=\"divTableCell\">2011<\/div>\n<div class=\"divTableCell\">Bronz Penge \u2013 filmes megold\u00e1sok kateg\u00f3ria<br \/>\n<em>upc \/ Digit\u00e1lis term\u00e9szetb\u00fav\u00e1rok kamp\u00e1ny<\/em><\/div>\n<\/div>\n<div class=\"divTableRow\"><\/div>\n<div class=\"divTableRow\">\n<div class=\"divTableCell tablecelltitle\"><strong>K\u00e9szs\u00e9gek<\/strong><\/div>\n<div class=\"divTableCell\"><\/div>\n<\/div>\n<div class=\"divTableRow\"><\/div>\n<div class=\"divTableRow\">\n<div class=\"divTableCell\">szoftver ismeret:<\/div>\n<div class=\"divTableCell\">Adobe Photoshop, Adobe Illustrator, Adobe InDesign, Adobe Premier Pro<\/div>\n<\/div>\n<div class=\"divTableRow\">\n<div class=\"divTableCell\">nyelvismeret:<\/div>\n<div class=\"divTableCell\">magyar &#8211; anyanyelv, angol &#8211; k\u00f6z\u00e9pfok<\/div>\n<\/div>\n<div class=\"divTableRow\"><\/div>\n<div class=\"divTableRow\"><\/div>\n<div class=\"divTableRow\"><\/div>\n<\/div>\n<\/div>\n<\/div>\n<\/div><div class=\"fusion-sep-clear\"><\/div><div class=\"fusion-separator fusion-full-width-sep\" style=\"margin-left: auto;margin-right: auto;margin-bottom:100px;width:100%;\"><\/div><div class=\"fusion-sep-clear\"><\/div><div class=\"fusion-clearfix\"><\/div><\/div><\/div><\/div><\/div>\n","protected":false},"excerpt":{"rendered":"","protected":false},"author":1,"featured_media":0,"parent":0,"menu_order":0,"comment_status":"closed","ping_status":"closed","template":"","meta":{"footnotes":""},"class_list":["post-11784","page","type-page","status-publish","hentry"],"_links":{"self":[{"href":"https:\/\/csabakrisztina.com\/hu\/wp-json\/wp\/v2\/pages\/11784","targetHints":{"allow":["GET"]}}],"collection":[{"href":"https:\/\/csabakrisztina.com\/hu\/wp-json\/wp\/v2\/pages"}],"about":[{"href":"https:\/\/csabakrisztina.com\/hu\/wp-json\/wp\/v2\/types\/page"}],"author":[{"embeddable":true,"href":"https:\/\/csabakrisztina.com\/hu\/wp-json\/wp\/v2\/users\/1"}],"replies":[{"embeddable":true,"href":"https:\/\/csabakrisztina.com\/hu\/wp-json\/wp\/v2\/comments?post=11784"}],"version-history":[{"count":40,"href":"https:\/\/csabakrisztina.com\/hu\/wp-json\/wp\/v2\/pages\/11784\/revisions"}],"predecessor-version":[{"id":12028,"href":"https:\/\/csabakrisztina.com\/hu\/wp-json\/wp\/v2\/pages\/11784\/revisions\/12028"}],"wp:attachment":[{"href":"https:\/\/csabakrisztina.com\/hu\/wp-json\/wp\/v2\/media?parent=11784"}],"curies":[{"name":"wp","href":"https:\/\/api.w.org\/{rel}","templated":true}]}}